{"id":1777,"date":"2025-02-11T19:04:08","date_gmt":"2025-02-11T19:04:08","guid":{"rendered":"https:\/\/dc20.digital-college1.in\/home\/?page_id=1777"},"modified":"2025-02-12T11:04:28","modified_gmt":"2025-02-12T11:04:28","slug":"politique-de-confidentialite","status":"publish","type":"page","link":"https:\/\/yonamariepy.com\/home\/politique-de-confidentialite\/","title":{"rendered":"Politique de confidentialit\u00e9"},"content":{"rendered":"\t\t<div data-elementor-type=\"wp-page\" data-elementor-id=\"1777\" class=\"elementor elementor-1777\" data-elementor-post-type=\"page\">\n\t\t\t\t<div class=\"elementor-element elementor-element-1a4a296f e-flex e-con-boxed e-con e-parent\" data-id=\"1a4a296f\" data-element_type=\"container\">\n\t\t\t\t\t<div class=\"e-con-inner\">\n\t\t\t\t<div class=\"elementor-element elementor-element-2b286f57 elementor-widget__width-auto jltma-glass-effect-no elementor-widget elementor-widget-heading\" data-id=\"2b286f57\" data-element_type=\"widget\" data-widget_type=\"heading.default\">\n\t\t\t\t<div class=\"elementor-widget-container\">\n\t\t\t\t\t<h1 class=\"elementor-heading-title elementor-size-default\">Politique de confidentialit\u00e9<\/h1>\t\t\t\t<\/div>\n\t\t\t\t<\/div>\n\t\t\t\t<div class=\"elementor-element elementor-element-76500681 elementor-widget__width-auto jltma-glass-effect-no elementor-widget elementor-widget-heading\" data-id=\"76500681\" data-element_type=\"widget\" data-widget_type=\"heading.default\">\n\t\t\t\t<div class=\"elementor-widget-container\">\n\t\t\t\t\t<p class=\"elementor-heading-title elementor-size-default\">Confidentialit\u00e9 sur ce site<\/p>\t\t\t\t<\/div>\n\t\t\t\t<\/div>\n\t\t\t\t<div class=\"elementor-element elementor-element-19ece53 jltma-glass-effect-no elementor-widget elementor-widget-text-editor\" data-id=\"19ece53\" data-element_type=\"widget\" data-widget_type=\"text-editor.default\">\n\t\t\t\t<div class=\"elementor-widget-container\">\n\t\t\t\t\t\t\t\t\t<p>Nous attachons une grande importance \u00e0 la protection de vos donn\u00e9es personnelles. Cette politique de confidentialit\u00e9 explique quelles informations nous collectons, comment nous les utilisons et quels sont vos droits en mati\u00e8re de protection des donn\u00e9es.<\/p>\t\t\t\t\t\t\t\t<\/div>\n\t\t\t\t<\/div>\n\t\t\t\t<div class=\"elementor-element elementor-element-fb5966e jltma-glass-effect-no elementor-widget elementor-widget-spacer\" data-id=\"fb5966e\" data-element_type=\"widget\" data-widget_type=\"spacer.default\">\n\t\t\t\t<div class=\"elementor-widget-container\">\n\t\t\t\t\t\t\t<div class=\"elementor-spacer\">\n\t\t\t<div class=\"elementor-spacer-inner\"><\/div>\n\t\t<\/div>\n\t\t\t\t\t\t<\/div>\n\t\t\t\t<\/div>\n\t\t\t\t<div class=\"elementor-element elementor-element-6402fe7 elementor-widget-divider--view-line jltma-glass-effect-no elementor-widget elementor-widget-divider\" data-id=\"6402fe7\" data-element_type=\"widget\" data-widget_type=\"divider.default\">\n\t\t\t\t<div class=\"elementor-widget-container\">\n\t\t\t\t\t\t\t<div class=\"elementor-divider\">\n\t\t\t<span class=\"elementor-divider-separator\">\n\t\t\t\t\t\t<\/span>\n\t\t<\/div>\n\t\t\t\t\t\t<\/div>\n\t\t\t\t<\/div>\n\t\t\t\t<div class=\"elementor-element elementor-element-963f1c7 jltma-glass-effect-no elementor-widget elementor-widget-spacer\" data-id=\"963f1c7\" data-element_type=\"widget\" data-widget_type=\"spacer.default\">\n\t\t\t\t<div class=\"elementor-widget-container\">\n\t\t\t\t\t\t\t<div class=\"elementor-spacer\">\n\t\t\t<div class=\"elementor-spacer-inner\"><\/div>\n\t\t<\/div>\n\t\t\t\t\t\t<\/div>\n\t\t\t\t<\/div>\n\t\t\t\t\t<\/div>\n\t\t\t\t<\/div>\n\t\t<div class=\"elementor-element elementor-element-525fefa e-flex e-con-boxed e-con e-parent\" data-id=\"525fefa\" data-element_type=\"container\">\n\t\t\t\t\t<div class=\"e-con-inner\">\n\t\t\t\t<div class=\"elementor-element elementor-element-4b2d156 jltma-glass-effect-no elementor-widget elementor-widget-heading\" data-id=\"4b2d156\" data-element_type=\"widget\" data-widget_type=\"heading.default\">\n\t\t\t\t<div class=\"elementor-widget-container\">\n\t\t\t\t\t<h2 class=\"elementor-heading-title elementor-size-default\">Responsable du traitement des donn\u00e9es<\/h2>\t\t\t\t<\/div>\n\t\t\t\t<\/div>\n\t\t\t\t<div class=\"elementor-element elementor-element-eb08862 jltma-glass-effect-no elementor-widget elementor-widget-text-editor\" data-id=\"eb08862\" data-element_type=\"widget\" data-widget_type=\"text-editor.default\">\n\t\t\t\t<div class=\"elementor-widget-container\">\n\t\t\t\t\t\t\t\t\t<p>Le responsable du traitement des donn\u00e9es est : Yona Marie, 3 Rue Gallean, yonamariepro@gmail.com<\/p>\t\t\t\t\t\t\t\t<\/div>\n\t\t\t\t<\/div>\n\t\t\t\t<div class=\"elementor-element elementor-element-d8cd078 jltma-glass-effect-no elementor-widget elementor-widget-heading\" data-id=\"d8cd078\" data-element_type=\"widget\" data-widget_type=\"heading.default\">\n\t\t\t\t<div class=\"elementor-widget-container\">\n\t\t\t\t\t<h2 class=\"elementor-heading-title elementor-size-default\">Donn\u00e9es collect\u00e9es<\/h2>\t\t\t\t<\/div>\n\t\t\t\t<\/div>\n\t\t\t\t<div class=\"elementor-element elementor-element-b6d3260 jltma-glass-effect-no elementor-widget elementor-widget-text-editor\" data-id=\"b6d3260\" data-element_type=\"widget\" data-widget_type=\"text-editor.default\">\n\t\t\t\t<div class=\"elementor-widget-container\">\n\t\t\t\t\t\t\t\t\t<p>Nous collectons diff\u00e9rentes cat\u00e9gories de donn\u00e9es en fonction de votre utilisation de notre site et de nos services :<\/p><ul><li>Donn\u00e9es de navigation (adresse IP, type de navigateur, pages visit\u00e9es)<\/li><li>Donn\u00e9es issues des formulaires de contact<\/li><\/ul>\t\t\t\t\t\t\t\t<\/div>\n\t\t\t\t<\/div>\n\t\t\t\t<div class=\"elementor-element elementor-element-c1b3d09 jltma-glass-effect-no elementor-widget elementor-widget-heading\" data-id=\"c1b3d09\" data-element_type=\"widget\" data-widget_type=\"heading.default\">\n\t\t\t\t<div class=\"elementor-widget-container\">\n\t\t\t\t\t<h2 class=\"elementor-heading-title elementor-size-default\">Finalit\u00e9s de la collecte des donn\u00e9es<\/h2>\t\t\t\t<\/div>\n\t\t\t\t<\/div>\n\t\t\t\t<div class=\"elementor-element elementor-element-e09ff27 jltma-glass-effect-no elementor-widget elementor-widget-text-editor\" data-id=\"e09ff27\" data-element_type=\"widget\" data-widget_type=\"text-editor.default\">\n\t\t\t\t<div class=\"elementor-widget-container\">\n\t\t\t\t\t\t\t\t\t<p>Nous collectons et traitons vos donn\u00e9es pour :<\/p><ul><li>R\u00e9pondre \u00e0 vos demandes via le formulaire de contact<\/li><li>Analyser le trafic et am\u00e9liorer l\u2019exp\u00e9rience utilisateur<\/li><li>Respecter nos obligations l\u00e9gales et r\u00e9glementaires<\/li><\/ul>\t\t\t\t\t\t\t\t<\/div>\n\t\t\t\t<\/div>\n\t\t\t\t<div class=\"elementor-element elementor-element-2b82810 jltma-glass-effect-no elementor-widget elementor-widget-heading\" data-id=\"2b82810\" data-element_type=\"widget\" data-widget_type=\"heading.default\">\n\t\t\t\t<div class=\"elementor-widget-container\">\n\t\t\t\t\t<h2 class=\"elementor-heading-title elementor-size-default\">Partage des donn\u00e9es<\/h2>\t\t\t\t<\/div>\n\t\t\t\t<\/div>\n\t\t\t\t<div class=\"elementor-element elementor-element-81104f7 jltma-glass-effect-no elementor-widget elementor-widget-text-editor\" data-id=\"81104f7\" data-element_type=\"widget\" data-widget_type=\"text-editor.default\">\n\t\t\t\t<div class=\"elementor-widget-container\">\n\t\t\t\t\t\t\t\t\t<p>Vos donn\u00e9es personnelles ne sont pas vendues ni \u00e9chang\u00e9es. Elles peuvent \u00eatre partag\u00e9es uniquement avec :<\/p><ul><li>Nos prestataires techniques (h\u00e9bergement, services de messagerie)<\/li><li>Les autorit\u00e9s comp\u00e9tentes en cas d\u2019obligation l\u00e9gale<\/li><\/ul>\t\t\t\t\t\t\t\t<\/div>\n\t\t\t\t<\/div>\n\t\t\t\t<div class=\"elementor-element elementor-element-19511e2 jltma-glass-effect-no elementor-widget elementor-widget-heading\" data-id=\"19511e2\" data-element_type=\"widget\" data-widget_type=\"heading.default\">\n\t\t\t\t<div class=\"elementor-widget-container\">\n\t\t\t\t\t<h2 class=\"elementor-heading-title elementor-size-default\">Dur\u00e9e de conservation des donn\u00e9es<\/h2>\t\t\t\t<\/div>\n\t\t\t\t<\/div>\n\t\t\t\t<div class=\"elementor-element elementor-element-90f85aa jltma-glass-effect-no elementor-widget elementor-widget-text-editor\" data-id=\"90f85aa\" data-element_type=\"widget\" data-widget_type=\"text-editor.default\">\n\t\t\t\t<div class=\"elementor-widget-container\">\n\t\t\t\t\t\t\t\t\t<p>Nous conservons vos donn\u00e9es uniquement pendant la dur\u00e9e n\u00e9cessaire aux finalit\u00e9s mentionn\u00e9es ci-dessus :<\/p><ul><li>Donn\u00e9es des utilisateurs actifs : jusqu\u2019\u00e0 suppression du compte<\/li><li>Donn\u00e9es de contact : 3 ans apr\u00e8s la derni\u00e8re interaction<\/li><li>Donn\u00e9es de navigation : 13 mois maximum<\/li><\/ul>\t\t\t\t\t\t\t\t<\/div>\n\t\t\t\t<\/div>\n\t\t\t\t<div class=\"elementor-element elementor-element-9fedd0c jltma-glass-effect-no elementor-widget elementor-widget-heading\" data-id=\"9fedd0c\" data-element_type=\"widget\" data-widget_type=\"heading.default\">\n\t\t\t\t<div class=\"elementor-widget-container\">\n\t\t\t\t\t<h2 class=\"elementor-heading-title elementor-size-default\">S\u00e9curit\u00e9 des donn\u00e9es<\/h2>\t\t\t\t<\/div>\n\t\t\t\t<\/div>\n\t\t\t\t<div class=\"elementor-element elementor-element-fdbebab jltma-glass-effect-no elementor-widget elementor-widget-text-editor\" data-id=\"fdbebab\" data-element_type=\"widget\" data-widget_type=\"text-editor.default\">\n\t\t\t\t<div class=\"elementor-widget-container\">\n\t\t\t\t\t\t\t\t\t<p>Nous mettons en place des mesures techniques et organisationnelles pour prot\u00e9ger vos donn\u00e9es contre tout acc\u00e8s non autoris\u00e9, modification, divulgation ou destruction.<\/p>\t\t\t\t\t\t\t\t<\/div>\n\t\t\t\t<\/div>\n\t\t\t\t<div class=\"elementor-element elementor-element-191c535 jltma-glass-effect-no elementor-widget elementor-widget-heading\" data-id=\"191c535\" data-element_type=\"widget\" data-widget_type=\"heading.default\">\n\t\t\t\t<div class=\"elementor-widget-container\">\n\t\t\t\t\t<h2 class=\"elementor-heading-title elementor-size-default\">Vos droits<\/h2>\t\t\t\t<\/div>\n\t\t\t\t<\/div>\n\t\t\t\t<div class=\"elementor-element elementor-element-cb57fe8 jltma-glass-effect-no elementor-widget elementor-widget-text-editor\" data-id=\"cb57fe8\" data-element_type=\"widget\" data-widget_type=\"text-editor.default\">\n\t\t\t\t<div class=\"elementor-widget-container\">\n\t\t\t\t\t\t\t\t\t<p>Conform\u00e9ment au R\u00e8glement G\u00e9n\u00e9ral sur la Protection des Donn\u00e9es (RGPD), vous disposez des droits suivants :<\/p><ul><li>Droit d\u2019acc\u00e8s : obtenir une copie des donn\u00e9es personnelles que nous d\u00e9tenons<\/li><li>Droit de rectification : modifier ou mettre \u00e0 jour vos donn\u00e9es<\/li><li>Droit \u00e0 l\u2019effacement : demander la suppression de vos donn\u00e9es sous certaines conditions<\/li><li>Droit d\u2019opposition : vous opposer \u00e0 l\u2019utilisation de vos donn\u00e9es pour certaines finalit\u00e9s<\/li><li>Droit \u00e0 la portabilit\u00e9 : r\u00e9cup\u00e9rer vos donn\u00e9es dans un format structur\u00e9<\/li><\/ul><p>Pour exercer ces droits, contactez-nous \u00e0 yonamariepro@gmail.com.<\/p>\t\t\t\t\t\t\t\t<\/div>\n\t\t\t\t<\/div>\n\t\t\t\t<div class=\"elementor-element elementor-element-8372999 jltma-glass-effect-no elementor-widget elementor-widget-heading\" data-id=\"8372999\" data-element_type=\"widget\" data-widget_type=\"heading.default\">\n\t\t\t\t<div class=\"elementor-widget-container\">\n\t\t\t\t\t<h2 class=\"elementor-heading-title elementor-size-default\">Cookies<\/h2>\t\t\t\t<\/div>\n\t\t\t\t<\/div>\n\t\t\t\t<div class=\"elementor-element elementor-element-b6759ca jltma-glass-effect-no elementor-widget elementor-widget-text-editor\" data-id=\"b6759ca\" data-element_type=\"widget\" data-widget_type=\"text-editor.default\">\n\t\t\t\t<div class=\"elementor-widget-container\">\n\t\t\t\t\t\t\t\t\t<p>Nous utilisons des cookies pour am\u00e9liorer votre exp\u00e9rience sur notre site. Vous pouvez param\u00e9trer vos pr\u00e9f\u00e9rences via notre banni\u00e8re de cookies ou dans les param\u00e8tres de votre navigateur.<\/p>\t\t\t\t\t\t\t\t<\/div>\n\t\t\t\t<\/div>\n\t\t\t\t<div class=\"elementor-element elementor-element-3d6aa77 jltma-glass-effect-no elementor-widget elementor-widget-heading\" data-id=\"3d6aa77\" data-element_type=\"widget\" data-widget_type=\"heading.default\">\n\t\t\t\t<div class=\"elementor-widget-container\">\n\t\t\t\t\t<h2 class=\"elementor-heading-title elementor-size-default\">Modification de la politique de confidentialit\u00e9<\/h2>\t\t\t\t<\/div>\n\t\t\t\t<\/div>\n\t\t\t\t<div class=\"elementor-element elementor-element-a07a7d5 jltma-glass-effect-no elementor-widget elementor-widget-text-editor\" data-id=\"a07a7d5\" data-element_type=\"widget\" data-widget_type=\"text-editor.default\">\n\t\t\t\t<div class=\"elementor-widget-container\">\n\t\t\t\t\t\t\t\t\t<p>Nous nous r\u00e9servons le droit de modifier cette politique \u00e0 tout moment. Toute modification sera publi\u00e9e sur cette page avec indication de la date de mise \u00e0 jour.<\/p><p>Derni\u00e8re mise \u00e0 jour : 12 F\u00e9vrier 2025<\/p>\t\t\t\t\t\t\t\t<\/div>\n\t\t\t\t<\/div>\n\t\t\t\t<div class=\"elementor-element elementor-element-e3db45a jltma-glass-effect-no elementor-widget elementor-widget-heading\" data-id=\"e3db45a\" data-element_type=\"widget\" data-widget_type=\"heading.default\">\n\t\t\t\t<div class=\"elementor-widget-container\">\n\t\t\t\t\t<h2 class=\"elementor-heading-title elementor-size-default\">Contact<\/h2>\t\t\t\t<\/div>\n\t\t\t\t<\/div>\n\t\t\t\t<div class=\"elementor-element elementor-element-641344d jltma-glass-effect-no elementor-widget elementor-widget-text-editor\" data-id=\"641344d\" data-element_type=\"widget\" data-widget_type=\"text-editor.default\">\n\t\t\t\t<div class=\"elementor-widget-container\">\n\t\t\t\t\t\t\t\t\t<p>Pour toute question relative \u00e0 cette politique de confidentialit\u00e9, vous pouvez nous contacter \u00e0 : yonamariepro@gmail.com<\/p>\t\t\t\t\t\t\t\t<\/div>\n\t\t\t\t<\/div>\n\t\t\t\t\t<\/div>\n\t\t\t\t<\/div>\n\t\t\t\t<\/div>\n\t\t","protected":false},"excerpt":{"rendered":"<p>Politique de confidentialit\u00e9 Confidentialit\u00e9 sur ce site Nous attachons une grande importance \u00e0 la protection de vos donn\u00e9es personnelles. Cette politique de confidentialit\u00e9 explique quelles informations nous collectons, comment nous les utilisons et quels sont vos droits en mati\u00e8re de protection des donn\u00e9es. Responsable du traitement des donn\u00e9es Le responsable du traitement des donn\u00e9es est [&hellip;]<\/p>\n","protected":false},"author":1,"featured_media":0,"parent":0,"menu_order":0,"comment_status":"closed","ping_status":"closed","template":"elementor_header_footer","meta":{"footnotes":""},"class_list":["post-1777","page","type-page","status-publish","hentry"],"yoast_head":"<!-- This site is optimized with the Yoast SEO plugin v24.6 - https:\/\/yoast.com\/wordpress\/plugins\/seo\/ -->\n<title>Politique de confidentialit\u00e9 - Yona Marie Py<\/title>\n<meta name=\"robots\" content=\"index, follow, max-snippet:-1, max-image-preview:large, max-video-preview:-1\" \/>\n<link rel=\"canonical\" href=\"https:\/\/yonamariepy.com\/home\/politique-de-confidentialite\/\" \/>\n<meta property=\"og:locale\" content=\"fr_FR\" \/>\n<meta property=\"og:type\" content=\"article\" \/>\n<meta property=\"og:title\" content=\"Politique de confidentialit\u00e9 - Yona Marie Py\" \/>\n<meta property=\"og:description\" content=\"Politique de confidentialit\u00e9 Confidentialit\u00e9 sur ce site Nous attachons une grande importance \u00e0 la protection de vos donn\u00e9es personnelles. Cette politique de confidentialit\u00e9 explique quelles informations nous collectons, comment nous les utilisons et quels sont vos droits en mati\u00e8re de protection des donn\u00e9es. Responsable du traitement des donn\u00e9es Le responsable du traitement des donn\u00e9es est [&hellip;]\" \/>\n<meta property=\"og:url\" content=\"https:\/\/yonamariepy.com\/home\/politique-de-confidentialite\/\" \/>\n<meta property=\"og:site_name\" content=\"Yona Marie Py\" \/>\n<meta property=\"article:modified_time\" content=\"2025-02-12T11:04:28+00:00\" \/>\n<meta name=\"twitter:card\" content=\"summary_large_image\" \/>\n<meta name=\"twitter:label1\" content=\"Dur\u00e9e de lecture estim\u00e9e\" \/>\n\t<meta name=\"twitter:data1\" content=\"3 minutes\" \/>\n<script type=\"application\/ld+json\" class=\"yoast-schema-graph\">{\"@context\":\"https:\/\/schema.org\",\"@graph\":[{\"@type\":\"WebPage\",\"@id\":\"https:\/\/yonamariepy.com\/home\/politique-de-confidentialite\/\",\"url\":\"https:\/\/yonamariepy.com\/home\/politique-de-confidentialite\/\",\"name\":\"Politique de confidentialit\u00e9 - Yona Marie Py\",\"isPartOf\":{\"@id\":\"https:\/\/yonamariepy.com\/home\/#website\"},\"datePublished\":\"2025-02-11T19:04:08+00:00\",\"dateModified\":\"2025-02-12T11:04:28+00:00\",\"breadcrumb\":{\"@id\":\"https:\/\/yonamariepy.com\/home\/politique-de-confidentialite\/#breadcrumb\"},\"inLanguage\":\"fr-FR\",\"potentialAction\":[{\"@type\":\"ReadAction\",\"target\":[\"https:\/\/yonamariepy.com\/home\/politique-de-confidentialite\/\"]}]},{\"@type\":\"BreadcrumbList\",\"@id\":\"https:\/\/yonamariepy.com\/home\/politique-de-confidentialite\/#breadcrumb\",\"itemListElement\":[{\"@type\":\"ListItem\",\"position\":1,\"name\":\"Home\",\"item\":\"https:\/\/yonamariepy.com\/home\/\"},{\"@type\":\"ListItem\",\"position\":2,\"name\":\"Politique de confidentialit\u00e9\"}]},{\"@type\":\"WebSite\",\"@id\":\"https:\/\/yonamariepy.com\/home\/#website\",\"url\":\"https:\/\/yonamariepy.com\/home\/\",\"name\":\"Yona Marie\",\"description\":\"Strat\u00e9gie, contenu, design : une communication 360\u00b0\",\"publisher\":{\"@id\":\"https:\/\/yonamariepy.com\/home\/#\/schema\/person\/4801aff429994e04ce43888cfaa7d64a\"},\"potentialAction\":[{\"@type\":\"SearchAction\",\"target\":{\"@type\":\"EntryPoint\",\"urlTemplate\":\"https:\/\/yonamariepy.com\/home\/?s={search_term_string}\"},\"query-input\":{\"@type\":\"PropertyValueSpecification\",\"valueRequired\":true,\"valueName\":\"search_term_string\"}}],\"inLanguage\":\"fr-FR\"},{\"@type\":[\"Person\",\"Organization\"],\"@id\":\"https:\/\/yonamariepy.com\/home\/#\/schema\/person\/4801aff429994e04ce43888cfaa7d64a\",\"name\":\"Yona-Marie PY\",\"image\":{\"@type\":\"ImageObject\",\"inLanguage\":\"fr-FR\",\"@id\":\"https:\/\/yonamariepy.com\/home\/#\/schema\/person\/image\/\",\"url\":\"https:\/\/yonamariepy.com\/wp-content\/uploads\/2025\/01\/logo-py-site.png\",\"contentUrl\":\"https:\/\/yonamariepy.com\/wp-content\/uploads\/2025\/01\/logo-py-site.png\",\"width\":1500,\"height\":1500,\"caption\":\"Yona-Marie PY\"},\"logo\":{\"@id\":\"https:\/\/yonamariepy.com\/home\/#\/schema\/person\/image\/\"},\"sameAs\":[\"https:\/\/yonamariepy.com\"]}]}<\/script>\n<!-- \/ Yoast SEO plugin. -->","yoast_head_json":{"title":"Politique de confidentialit\u00e9 - Yona Marie Py","robots":{"index":"index","follow":"follow","max-snippet":"max-snippet:-1","max-image-preview":"max-image-preview:large","max-video-preview":"max-video-preview:-1"},"canonical":"https:\/\/yonamariepy.com\/home\/politique-de-confidentialite\/","og_locale":"fr_FR","og_type":"article","og_title":"Politique de confidentialit\u00e9 - Yona Marie Py","og_description":"Politique de confidentialit\u00e9 Confidentialit\u00e9 sur ce site Nous attachons une grande importance \u00e0 la protection de vos donn\u00e9es personnelles. Cette politique de confidentialit\u00e9 explique quelles informations nous collectons, comment nous les utilisons et quels sont vos droits en mati\u00e8re de protection des donn\u00e9es. Responsable du traitement des donn\u00e9es Le responsable du traitement des donn\u00e9es est [&hellip;]","og_url":"https:\/\/yonamariepy.com\/home\/politique-de-confidentialite\/","og_site_name":"Yona Marie Py","article_modified_time":"2025-02-12T11:04:28+00:00","twitter_card":"summary_large_image","twitter_misc":{"Dur\u00e9e de lecture estim\u00e9e":"3 minutes"},"schema":{"@context":"https:\/\/schema.org","@graph":[{"@type":"WebPage","@id":"https:\/\/yonamariepy.com\/home\/politique-de-confidentialite\/","url":"https:\/\/yonamariepy.com\/home\/politique-de-confidentialite\/","name":"Politique de confidentialit\u00e9 - Yona Marie Py","isPartOf":{"@id":"https:\/\/yonamariepy.com\/home\/#website"},"datePublished":"2025-02-11T19:04:08+00:00","dateModified":"2025-02-12T11:04:28+00:00","breadcrumb":{"@id":"https:\/\/yonamariepy.com\/home\/politique-de-confidentialite\/#breadcrumb"},"inLanguage":"fr-FR","potentialAction":[{"@type":"ReadAction","target":["https:\/\/yonamariepy.com\/home\/politique-de-confidentialite\/"]}]},{"@type":"BreadcrumbList","@id":"https:\/\/yonamariepy.com\/home\/politique-de-confidentialite\/#breadcrumb","itemListElement":[{"@type":"ListItem","position":1,"name":"Home","item":"https:\/\/yonamariepy.com\/home\/"},{"@type":"ListItem","position":2,"name":"Politique de confidentialit\u00e9"}]},{"@type":"WebSite","@id":"https:\/\/yonamariepy.com\/home\/#website","url":"https:\/\/yonamariepy.com\/home\/","name":"Yona Marie","description":"Strat\u00e9gie, contenu, design : une communication 360\u00b0","publisher":{"@id":"https:\/\/yonamariepy.com\/home\/#\/schema\/person\/4801aff429994e04ce43888cfaa7d64a"},"potentialAction":[{"@type":"SearchAction","target":{"@type":"EntryPoint","urlTemplate":"https:\/\/yonamariepy.com\/home\/?s={search_term_string}"},"query-input":{"@type":"PropertyValueSpecification","valueRequired":true,"valueName":"search_term_string"}}],"inLanguage":"fr-FR"},{"@type":["Person","Organization"],"@id":"https:\/\/yonamariepy.com\/home\/#\/schema\/person\/4801aff429994e04ce43888cfaa7d64a","name":"Yona-Marie PY","image":{"@type":"ImageObject","inLanguage":"fr-FR","@id":"https:\/\/yonamariepy.com\/home\/#\/schema\/person\/image\/","url":"https:\/\/yonamariepy.com\/wp-content\/uploads\/2025\/01\/logo-py-site.png","contentUrl":"https:\/\/yonamariepy.com\/wp-content\/uploads\/2025\/01\/logo-py-site.png","width":1500,"height":1500,"caption":"Yona-Marie PY"},"logo":{"@id":"https:\/\/yonamariepy.com\/home\/#\/schema\/person\/image\/"},"sameAs":["https:\/\/yonamariepy.com"]}]}},"_links":{"self":[{"href":"https:\/\/yonamariepy.com\/home\/wp-json\/wp\/v2\/pages\/1777","targetHints":{"allow":["GET"]}}],"collection":[{"href":"https:\/\/yonamariepy.com\/home\/wp-json\/wp\/v2\/pages"}],"about":[{"href":"https:\/\/yonamariepy.com\/home\/wp-json\/wp\/v2\/types\/page"}],"author":[{"embeddable":true,"href":"https:\/\/yonamariepy.com\/home\/wp-json\/wp\/v2\/users\/1"}],"replies":[{"embeddable":true,"href":"https:\/\/yonamariepy.com\/home\/wp-json\/wp\/v2\/comments?post=1777"}],"version-history":[{"count":0,"href":"https:\/\/yonamariepy.com\/home\/wp-json\/wp\/v2\/pages\/1777\/revisions"}],"wp:attachment":[{"href":"https:\/\/yonamariepy.com\/home\/wp-json\/wp\/v2\/media?parent=1777"}],"curies":[{"name":"wp","href":"https:\/\/api.w.org\/{rel}","templated":true}]}}